{"id":1283,"date":"2025-04-19T17:36:44","date_gmt":"2025-04-19T15:36:44","guid":{"rendered":"https:\/\/www.sudrones.fr\/?page_id=1283"},"modified":"2025-04-24T16:13:15","modified_gmt":"2025-04-24T14:13:15","slug":"mentions-legales","status":"publish","type":"page","link":"https:\/\/www.sudrones.fr\/index.php\/mentions-legales\/","title":{"rendered":"Mentions l\u00e9gales"},"content":{"rendered":"\t\t<div data-elementor-type=\"wp-page\" data-elementor-id=\"1283\" class=\"elementor elementor-1283\" data-elementor-post-type=\"page\">\n\t\t\t\t<div class=\"aux-parallax-section elementor-element elementor-element-824fd8b e-flex e-con-boxed e-con e-parent\" data-id=\"824fd8b\" data-element_type=\"container\">\n\t\t\t\t\t<div class=\"e-con-inner\">\n\t\t\t\t<div class=\"elementor-element elementor-element-9ad2315 aux-appear-watch-animation aux-fade-in elementor-widget elementor-widget-aux_modern_heading\" data-id=\"9ad2315\" data-element_type=\"widget\" data-widget_type=\"aux_modern_heading.default\">\n\t\t\t\t<div class=\"elementor-widget-container\">\n\t\t\t\t\t<section class=\"aux-widget-modern-heading\">\n            <div class=\"aux-widget-inner\"><h1 class=\"aux-modern-heading-primary\">Mentions l\u00e9gales<\/h1><div class=\"aux-modern-heading-divider\"><\/div><\/div>\n        <\/section>\t\t\t\t<\/div>\n\t\t\t\t<\/div>\n\t\t\t\t\t<\/div>\n\t\t\t\t<\/div>\n\t\t<div class=\"aux-parallax-section elementor-element elementor-element-bdb8b2f elementor-hidden-mobile e-flex e-con-boxed e-con e-parent\" data-id=\"bdb8b2f\" data-element_type=\"container\">\n\t\t\t\t\t<div class=\"e-con-inner\">\n\t\t<div class=\"elementor-element elementor-element-1a260c6 e-con-full aux-appear-watch-animation aux-zoom-in e-flex e-con e-child\" data-id=\"1a260c6\" data-element_type=\"container\" data-settings=\"{&quot;background_background&quot;:&quot;classic&quot;}\">\n\t\t<div class=\"elementor-element elementor-element-f900847 e-con-full aux-appear-watch-animation aux-fade-in-down-2 e-flex e-con e-child\" data-id=\"f900847\" data-element_type=\"container\">\n\t\t\t\t<div class=\"elementor-element elementor-element-9686d69 elementor-widget elementor-widget-text-editor\" data-id=\"9686d69\" data-element_type=\"widget\" data-widget_type=\"text-editor.default\">\n\t\t\t\t<div class=\"elementor-widget-container\">\n\t\t\t\t\t\t\t\t\t<h3><span style=\"color: #ffffff;\">Propri\u00e9taire &amp; \u00e9diteur de sudrones.fr<\/span><\/h3><p><span style=\"color: #ababab;\"><span style=\"color: #ffffff;\">Nom de la soci\u00e9t\u00e9 :<\/span> SUDrones Services<\/span><br \/><span style=\"color: #ababab;\"><span style=\"color: #ffffff;\">Format juridique :<\/span> Soci\u00e9t\u00e9 \u00e0 responsabilit\u00e9 limit\u00e9e<\/span><br \/><span style=\"color: #ababab;\"><span style=\"color: #ffffff;\">Capital social :<\/span> 1000\u20ac<\/span><br \/><span style=\"color: #ababab;\"><span style=\"color: #ffffff;\">SIRET :<\/span> 94144294900017<\/span><br \/><span style=\"color: #ababab;\"><span style=\"color: #ffffff;\">N\u00b0 TVA intra-communautaire :<\/span> FR35941442949<\/span><br \/><span style=\"color: #ababab;\"><span style=\"color: #ffffff;\">Adresse du si\u00e8ge social :<\/span> 75 chemin de Saint-Hippolyte\u00a0 &#8211; 81100 CASTRES<\/span><br \/><span style=\"color: #ababab;\"><span style=\"color: #ffffff;\">T\u00e9l\u00e9phone :<\/span> <a href=\"tel:+33638041202\">06 38 04 12 02<\/a><\/span><br \/><span style=\"color: #ababab;\"><span style=\"color: #ffffff;\">Email :<\/span> <a href=\"mailto:contact@sudrones.fr\">contact@sudrones.fr<\/a><\/span><\/p>\t\t\t\t\t\t\t\t<\/div>\n\t\t\t\t<\/div>\n\t\t\t\t<\/div>\n\t\t<div class=\"elementor-element elementor-element-fceec5f e-con-full aux-appear-watch-animation aux-fade-in-right-2 e-flex e-con e-child\" data-id=\"fceec5f\" data-element_type=\"container\">\n\t\t\t\t<div class=\"elementor-element elementor-element-2625c9b elementor-widget elementor-widget-text-editor\" data-id=\"2625c9b\" data-element_type=\"widget\" data-widget_type=\"text-editor.default\">\n\t\t\t\t<div class=\"elementor-widget-container\">\n\t\t\t\t\t\t\t\t\t<h3><span style=\"color: #ffffff;\">Directeur de la publication<\/span><\/h3><p><span style=\"color: #ababab;\"><span style=\"color: #ffffff;\">Nom :<\/span> GRANGY<\/span><br \/><span style=\"color: #ababab;\"><span style=\"color: #ffffff;\">Pr\u00e9nom :<\/span> Jeremy<br \/><span style=\"color: #ffffff;\">Fonction :<\/span> G\u00e9rant<\/span><br \/><span style=\"color: #ababab;\"><span style=\"color: #ffffff;\">Email :<\/span> <a href=\"mailto:contact@sudrones.fr\">contact@sudrones.fr<\/a><\/span><br \/><span style=\"color: #ababab;\"><span style=\"color: #ffffff;\">T\u00e9l\u00e9phone :<\/span> <a href=\"tel:+33638041202\">06 38 04 12 02<\/a><\/span><\/p>\t\t\t\t\t\t\t\t<\/div>\n\t\t\t\t<\/div>\n\t\t\t\t<\/div>\n\t\t<div class=\"elementor-element elementor-element-cb68300 e-con-full aux-appear-watch-animation aux-fade-in-left-2 e-flex e-con e-child\" data-id=\"cb68300\" data-element_type=\"container\">\n\t\t\t\t<div class=\"elementor-element elementor-element-0da1ef8 elementor-widget elementor-widget-text-editor\" data-id=\"0da1ef8\" data-element_type=\"widget\" data-widget_type=\"text-editor.default\">\n\t\t\t\t<div class=\"elementor-widget-container\">\n\t\t\t\t\t\t\t\t\t<h3><span style=\"color: #ffffff;\">Cr\u00e9dits &amp; r\u00e9alisation<\/span><\/h3><p><span style=\"color: #ababab;\">Le site internet sudrones.fr a \u00e9t\u00e9 r\u00e9alis\u00e9 par la soci\u00e9t\u00e9 SUDrones Services.<\/span><br \/><span style=\"color: #ababab;\">Tous les droits de reproduction sont r\u00e9serv\u00e9s, incluant les documents et les repr\u00e9sentations photographiques et iconographiques.<br \/>Toute repr\u00e9sentation ou reproduction, int\u00e9grale ou partielle, est formellement interdite sans le consentement de l&rsquo;auteur, conform\u00e9ment \u00e0 l&rsquo;<a href=\"https:\/\/www.legifrance.gouv.fr\/codes\/article_lc\/LEGIARTI000006278911\" target=\"_blank\" rel=\"noopener noreferrer\">article L122-4<\/a> du code de la propri\u00e9t\u00e9 intellectuelle du 03 juillet 1992.<\/span><\/p>\t\t\t\t\t\t\t\t<\/div>\n\t\t\t\t<\/div>\n\t\t\t\t<\/div>\n\t\t<div class=\"elementor-element elementor-element-8be2eb2 e-con-full aux-appear-watch-animation aux-fade-in-up-2 e-flex e-con e-child\" data-id=\"8be2eb2\" data-element_type=\"container\">\n\t\t\t\t<div class=\"elementor-element elementor-element-c65cb02 elementor-widget elementor-widget-text-editor\" data-id=\"c65cb02\" data-element_type=\"widget\" data-widget_type=\"text-editor.default\">\n\t\t\t\t<div class=\"elementor-widget-container\">\n\t\t\t\t\t\t\t\t\t<h3><span style=\"color: #ffffff;\">H\u00e9bergement de sudrones.fr<\/span><\/h3><p><span style=\"color: #ababab;\">Le site sudrones.fr est h\u00e9berg\u00e9 par la soci\u00e9t\u00e9 OVH.<\/span><br \/><span style=\"color: #ababab;\">OVH SAS<\/span><br \/><span style=\"color: #ababab;\">Adresse : 2 rue Kellermann &#8211; BP 80157 &#8211; 59100 ROUBAIX<\/span><br \/><span style=\"color: #ababab;\">T\u00e9l\u00e9phone : <a href=\"tel:+33972101007\">09 72 10 10 07<\/a><\/span><br \/><span style=\"color: #ababab;\">Email : <a href=\"mailto:support@ovh.com\">support@ovh.com<\/a><\/span><br \/><span style=\"color: #ababab;\">Site internet : <a href=\"https:\/\/www.ovhcloud.com\/fr\/\">www.ovhcloud.com<\/a><\/span><\/p>\t\t\t\t\t\t\t\t<\/div>\n\t\t\t\t<\/div>\n\t\t\t\t<\/div>\n\t\t\t\t<\/div>\n\t\t\t\t\t<\/div>\n\t\t\t\t<\/div>\n\t\t<div class=\"aux-parallax-section elementor-element elementor-element-b4e2f8a elementor-hidden-desktop elementor-hidden-tablet e-flex e-con-boxed e-con e-parent\" data-id=\"b4e2f8a\" data-element_type=\"container\">\n\t\t\t\t\t<div class=\"e-con-inner\">\n\t\t<div class=\"elementor-element elementor-element-8ec0ec2 e-con-full aux-appear-watch-animation aux-fade-in-down-2 e-flex e-con e-child\" data-id=\"8ec0ec2\" data-element_type=\"container\" data-settings=\"{&quot;background_background&quot;:&quot;classic&quot;}\">\n\t\t\t\t<div class=\"elementor-element elementor-element-eb39374 elementor-widget elementor-widget-text-editor\" data-id=\"eb39374\" data-element_type=\"widget\" data-widget_type=\"text-editor.default\">\n\t\t\t\t<div class=\"elementor-widget-container\">\n\t\t\t\t\t\t\t\t\t<h3><span style=\"color: #ffffff;\">Propri\u00e9taire &amp; \u00e9diteur de sudrones.fr<\/span><\/h3><p><span style=\"color: #ababab;\"><span style=\"color: #ffffff;\">Nom de la soci\u00e9t\u00e9 :<\/span> SUDrones Services<\/span><br \/><span style=\"color: #ababab;\"><span style=\"color: #ffffff;\">Format juridique :<\/span> Soci\u00e9t\u00e9 \u00e0 responsabilit\u00e9 limit\u00e9e<\/span><br \/><span style=\"color: #ababab;\"><span style=\"color: #ffffff;\">Capital social :<\/span> 1000\u20ac<\/span><br \/><span style=\"color: #ababab;\"><span style=\"color: #ffffff;\">SIRET :<\/span> 94144294900017<\/span><br \/><span style=\"color: #ababab;\"><span style=\"color: #ffffff;\">N\u00b0 TVA intra-communautaire :<\/span> FR35941442949<\/span><br \/><span style=\"color: #ababab;\"><span style=\"color: #ffffff;\">Adresse du si\u00e8ge social :<\/span> 75 chemin de Saint-Hippolyte\u00a0 &#8211; 81100 CASTRES<\/span><br \/><span style=\"color: #ababab;\"><span style=\"color: #ffffff;\">T\u00e9l\u00e9phone :<\/span> <a href=\"tel:+33638041202\">06 38 04 12 02<\/a><\/span><br \/><span style=\"color: #ababab;\"><span style=\"color: #ffffff;\">Email :<\/span> <a href=\"mailto:contact@sudrones.fr\">contact@sudrones.fr<\/a><\/span><\/p>\t\t\t\t\t\t\t\t<\/div>\n\t\t\t\t<\/div>\n\t\t\t\t<\/div>\n\t\t<div class=\"elementor-element elementor-element-685328c e-con-full aux-appear-watch-animation aux-fade-in-right-2 e-flex e-con e-child\" data-id=\"685328c\" data-element_type=\"container\" data-settings=\"{&quot;background_background&quot;:&quot;classic&quot;}\">\n\t\t\t\t<div class=\"elementor-element elementor-element-204a9ca elementor-widget elementor-widget-text-editor\" data-id=\"204a9ca\" data-element_type=\"widget\" data-widget_type=\"text-editor.default\">\n\t\t\t\t<div class=\"elementor-widget-container\">\n\t\t\t\t\t\t\t\t\t<h3><span style=\"color: #ffffff;\">Directeur de la publication<\/span><\/h3><p><span style=\"color: #ababab;\"><span style=\"color: #ffffff;\">Nom :<\/span> GRANGY<\/span><br \/><span style=\"color: #ababab;\"><span style=\"color: #ffffff;\">Pr\u00e9nom :<\/span> Jeremy<br \/><span style=\"color: #ffffff;\">Fonction :<\/span> G\u00e9rant<\/span><br \/><span style=\"color: #ababab;\"><span style=\"color: #ffffff;\">Email :<\/span> <a href=\"mailto:contact@sudrones.fr\">contact@sudrones.fr<\/a><\/span><br \/><span style=\"color: #ababab;\"><span style=\"color: #ffffff;\">T\u00e9l\u00e9phone :<\/span> <a href=\"tel:+33638041202\">06 38 04 12 02<\/a><\/span><\/p>\t\t\t\t\t\t\t\t<\/div>\n\t\t\t\t<\/div>\n\t\t\t\t<\/div>\n\t\t<div class=\"elementor-element elementor-element-32dd93d e-con-full aux-appear-watch-animation aux-fade-in-up-2 e-flex e-con e-child\" data-id=\"32dd93d\" data-element_type=\"container\" data-settings=\"{&quot;background_background&quot;:&quot;classic&quot;}\">\n\t\t\t\t<div class=\"elementor-element elementor-element-e563c00 elementor-widget elementor-widget-text-editor\" data-id=\"e563c00\" data-element_type=\"widget\" data-widget_type=\"text-editor.default\">\n\t\t\t\t<div class=\"elementor-widget-container\">\n\t\t\t\t\t\t\t\t\t<h3><span style=\"color: #ffffff;\">H\u00e9bergement de sudrones.fr<\/span><\/h3><p><span style=\"color: #ababab;\">Le site sudrones.fr est h\u00e9berg\u00e9 par la soci\u00e9t\u00e9 OVH.<\/span><br \/><span style=\"color: #ababab;\">OVH SAS<\/span><br \/><span style=\"color: #ababab;\">Adresse : 2 rue Kellermann &#8211; BP 80157 &#8211; 59100 ROUBAIX<\/span><br \/><span style=\"color: #ababab;\">T\u00e9l\u00e9phone : <a href=\"tel:+33972101007\">09 72 10 10 07<\/a><\/span><br \/><span style=\"color: #ababab;\">Email : <a href=\"mailto:support@ovh.com\">support@ovh.com<\/a><\/span><br \/><span style=\"color: #ababab;\">Site internet : <a href=\"https:\/\/www.ovhcloud.com\/fr\/\">www.ovhcloud.com<\/a><\/span><\/p>\t\t\t\t\t\t\t\t<\/div>\n\t\t\t\t<\/div>\n\t\t\t\t<\/div>\n\t\t<div class=\"elementor-element elementor-element-9abc38f e-con-full aux-appear-watch-animation aux-fade-in-left-2 e-flex e-con e-child\" data-id=\"9abc38f\" data-element_type=\"container\" data-settings=\"{&quot;background_background&quot;:&quot;classic&quot;}\">\n\t\t\t\t<div class=\"elementor-element elementor-element-47b545c elementor-widget elementor-widget-text-editor\" data-id=\"47b545c\" data-element_type=\"widget\" data-widget_type=\"text-editor.default\">\n\t\t\t\t<div class=\"elementor-widget-container\">\n\t\t\t\t\t\t\t\t\t<h3><span style=\"color: #ffffff;\">Cr\u00e9dits &amp; r\u00e9alisation<\/span><\/h3><p><span style=\"color: #ababab;\">Le site internet sudrones.fr a \u00e9t\u00e9 r\u00e9alis\u00e9 par la soci\u00e9t\u00e9 SUDrones Services.<\/span><br \/><span style=\"color: #ababab;\">Tous les droits de reproduction sont r\u00e9serv\u00e9s, incluant les documents et les repr\u00e9sentations photographiques et iconographiques.<br \/>Toute repr\u00e9sentation ou reproduction, int\u00e9grale ou partielle, est formellement interdite sans le consentement de l&rsquo;auteur, conform\u00e9ment \u00e0 l&rsquo;<a href=\"https:\/\/www.legifrance.gouv.fr\/codes\/article_lc\/LEGIARTI000006278911\" target=\"_blank\" rel=\"noopener noreferrer\">article L122-4<\/a> du code de la propri\u00e9t\u00e9 intellectuelle du 03 juillet 1992.<\/span><\/p>\t\t\t\t\t\t\t\t<\/div>\n\t\t\t\t<\/div>\n\t\t\t\t<\/div>\n\t\t\t\t\t<\/div>\n\t\t\t\t<\/div>\n\t\t\t\t<\/div>\n\t\t","protected":false},"excerpt":{"rendered":"<p>Mentions l\u00e9gales Propri\u00e9taire &amp; \u00e9diteur de sudrones.fr Nom de la soci\u00e9t\u00e9 : SUDrones ServicesFormat juridique : Soci\u00e9t\u00e9 \u00e0 responsabilit\u00e9 limit\u00e9eCapital social : 1000\u20acSIRET : 94144294900017N\u00b0 TVA intra-communautaire : FR35941442949Adresse du si\u00e8ge social : 75 chemin de Saint-Hippolyte\u00a0 &#8211; 81100 CASTREST\u00e9l\u00e9phone : 06 38 04 12 02Email : contact@sudrones.fr Directeur de la publication Nom : GRANGYPr\u00e9nom [&hellip;]<\/p>\n","protected":false},"author":1,"featured_media":0,"parent":0,"menu_order":0,"comment_status":"closed","ping_status":"closed","template":"elementor_header_footer","meta":{"_monsterinsights_skip_tracking":false,"_monsterinsights_sitenote_active":false,"_monsterinsights_sitenote_note":"","_monsterinsights_sitenote_category":0,"footnotes":""},"class_list":["post-1283","page","type-page","status-publish","hentry"],"_links":{"self":[{"href":"https:\/\/www.sudrones.fr\/index.php\/wp-json\/wp\/v2\/pages\/1283","targetHints":{"allow":["GET"]}}],"collection":[{"href":"https:\/\/www.sudrones.fr\/index.php\/wp-json\/wp\/v2\/pages"}],"about":[{"href":"https:\/\/www.sudrones.fr\/index.php\/wp-json\/wp\/v2\/types\/page"}],"author":[{"embeddable":true,"href":"https:\/\/www.sudrones.fr\/index.php\/wp-json\/wp\/v2\/users\/1"}],"replies":[{"embeddable":true,"href":"https:\/\/www.sudrones.fr\/index.php\/wp-json\/wp\/v2\/comments?post=1283"}],"version-history":[{"count":88,"href":"https:\/\/www.sudrones.fr\/index.php\/wp-json\/wp\/v2\/pages\/1283\/revisions"}],"predecessor-version":[{"id":2058,"href":"https:\/\/www.sudrones.fr\/index.php\/wp-json\/wp\/v2\/pages\/1283\/revisions\/2058"}],"wp:attachment":[{"href":"https:\/\/www.sudrones.fr\/index.php\/wp-json\/wp\/v2\/media?parent=1283"}],"curies":[{"name":"wp","href":"https:\/\/api.w.org\/{rel}","templated":true}]}}