{"id":94,"date":"2021-02-03T11:24:01","date_gmt":"2021-02-03T10:24:01","guid":{"rendered":"https:\/\/www.sudrones.fr\/index.php\/contact\/"},"modified":"2025-04-24T15:46:28","modified_gmt":"2025-04-24T13:46:28","slug":"contact","status":"publish","type":"page","link":"https:\/\/www.sudrones.fr\/index.php\/contact\/","title":{"rendered":"Contact"},"content":{"rendered":"\t\t<div data-elementor-type=\"wp-page\" data-elementor-id=\"94\" class=\"elementor elementor-94\" data-elementor-post-type=\"page\">\n\t\t\t\t<div class=\"aux-parallax-section elementor-element elementor-element-9589fbe e-flex e-con-boxed e-con e-parent\" data-id=\"9589fbe\" data-element_type=\"container\">\n\t\t\t\t\t<div class=\"e-con-inner\">\n\t\t<div class=\"elementor-element elementor-element-e3327a6 e-con-full e-flex e-con e-child\" data-id=\"e3327a6\" data-element_type=\"container\">\n\t\t\t\t<div class=\"elementor-element elementor-element-340a2be elementor-widget__width-auto rotate elementor-widget elementor-widget-aux_simple_svg\" data-id=\"340a2be\" data-element_type=\"widget\" data-widget_type=\"aux_simple_svg.default\">\n\t\t\t\t<div class=\"elementor-widget-container\">\n\t\t\t\t\t    <div class=\"aux-widget-container aux-simple-svg-container\">\n        <div class=\"aux-widget-container-inner\">\n            <div class=\"aux-the-svg\"><img decoding=\"async\" src=\"https:\/\/www.sudrones.fr\/wp-content\/uploads\/2025\/04\/Logo-SUDdrones-13-06.svg\" title=\"Logo SUDdrones 13-06\" alt=\"Logo SUDdrones 13-06\" loading=\"lazy\" \/><\/div>\n        <\/div>\n    <\/div>\n    \t\t\t\t<\/div>\n\t\t\t\t<\/div>\n\t\t<div class=\"elementor-element elementor-element-7a2e5d8 e-con-full e-flex e-con e-child\" data-id=\"7a2e5d8\" data-element_type=\"container\">\n\t\t\t\t<div class=\"elementor-element elementor-element-603f2dd elementor-widget__width-initial aux-appear-watch-animation aux-slide-from-left elementor-widget-divider--view-line elementor-widget elementor-widget-divider\" data-id=\"603f2dd\" data-element_type=\"widget\" data-widget_type=\"divider.default\">\n\t\t\t\t<div class=\"elementor-widget-container\">\n\t\t\t\t\t\t\t<div class=\"elementor-divider\">\n\t\t\t<span class=\"elementor-divider-separator\">\n\t\t\t\t\t\t<\/span>\n\t\t<\/div>\n\t\t\t\t\t\t<\/div>\n\t\t\t\t<\/div>\n\t\t\t\t<div class=\"elementor-element elementor-element-f468db1 elementor-widget__width-auto aux-appear-watch-animation aux-slide-from-top elementor-widget elementor-widget-heading\" data-id=\"f468db1\" data-element_type=\"widget\" data-widget_type=\"heading.default\">\n\t\t\t\t<div class=\"elementor-widget-container\">\n\t\t\t\t\t<p class=\"elementor-heading-title elementor-size-default\">Nous contacter<\/p>\t\t\t\t<\/div>\n\t\t\t\t<\/div>\n\t\t\t\t<\/div>\n\t\t<div class=\"elementor-element elementor-element-693fb92 e-con-full e-flex e-con e-child\" data-id=\"693fb92\" data-element_type=\"container\" data-settings=\"{&quot;background_background&quot;:&quot;classic&quot;}\">\n\t\t\t\t<div class=\"elementor-element elementor-element-085e799 aux-appear-watch-animation aux-fade-in-up-1 elementor-widget elementor-widget-aux_modern_heading\" data-id=\"085e799\" data-element_type=\"widget\" data-widget_type=\"aux_modern_heading.default\">\n\t\t\t\t<div class=\"elementor-widget-container\">\n\t\t\t\t\t<section class=\"aux-widget-modern-heading\">\n            <div class=\"aux-widget-inner\"><h1 class=\"aux-modern-heading-primary\">\u00c0 votre disposition...<\/h1><div class=\"aux-modern-heading-description\"><p>...pour toute demande de devis ou de renseignements.<\/p><p>Vous pouvez nous contacter par t\u00e9l\u00e9phone ou par mail en suivant les liens ci-dessous, ou tout simplement en remplissant ce formulaire.<\/p><p>Nous t\u00e2cherons de revenir vers vous sous 24h\ud83d\udc4d<\/p><p>Nous sommes \u00e9galement disponibles sur WhatsApp !<\/p><\/div><\/div>\n        <\/section>\t\t\t\t<\/div>\n\t\t\t\t<\/div>\n\t\t\t\t<\/div>\n\t\t<div class=\"elementor-element elementor-element-2d271ad e-con-full e-flex e-con e-child\" data-id=\"2d271ad\" data-element_type=\"container\">\n\t\t\t\t<div class=\"elementor-element elementor-element-b315522 elementor-position-left elementor-vertical-align-middle elementor-widget__width-auto elementor-widget-mobile__width-inherit elementor-view-stacked aux-appear-watch-animation aux-fade-in-left-2 elementor-shape-circle elementor-mobile-position-top elementor-widget elementor-widget-icon-box\" data-id=\"b315522\" data-element_type=\"widget\" data-widget_type=\"icon-box.default\">\n\t\t\t\t<div class=\"elementor-widget-container\">\n\t\t\t\t\t\t\t<div class=\"elementor-icon-box-wrapper\">\n\n\t\t\t\t\t\t<div class=\"elementor-icon-box-icon\">\n\t\t\t\t<a href=\"tel:+33638041202\" class=\"elementor-icon elementor-animation-pulse-shrink\" tabindex=\"-1\" aria-label=\"T\u00e9l\u00e9phone\">\n\t\t\t\t<svg xmlns=\"http:\/\/www.w3.org\/2000\/svg\" xmlns:xlink=\"http:\/\/www.w3.org\/1999\/xlink\" width=\"35\" height=\"35.007\" viewBox=\"0 0 35 35.007\"><defs><linearGradient id=\"linear-gradient\" x1=\"0.5\" x2=\"0.5\" y2=\"1\" gradientUnits=\"objectBoundingBox\"><stop offset=\"0\" stop-color=\"#64f4ab\"><\/stop><stop offset=\"1\" stop-color=\"#327a56\"><\/stop><\/linearGradient><\/defs><g id=\"phone_-_icon\" data-name=\"phone - icon\" transform=\"translate(-2 -2)\"><path id=\"Path_106\" data-name=\"Path 106\" d=\"M9.833,2.007,9.784,2c-2.305-.109-5.557,2.664-6.76,4.668-1.318,1.8-1.344,4.194-.193,6.961l.182.417C6.049,21.523,17.435,32.9,24.879,36.009c2.848,1.332,5.386,1.357,7.386-.084,1.759-1,4.642-4.35,4.558-6.725a3.985,3.985,0,0,0-1.237-2.5l-.173-.17-.48-.445c-1.736-1.551-4.742-3.763-5.671-3.956a3.879,3.879,0,0,0-3,.618l-.436.249c-.83.478-1.127.56-1.519.417a15.514,15.514,0,0,1-8.8-8.871c-.112-.313-.056-.586.3-1.248L16,12.953a4.241,4.241,0,0,0,.8-3.348l-.044-.154a28.224,28.224,0,0,0-4.281-5.977l-.222-.226A3.95,3.95,0,0,0,9.831,2.005ZM9.64,4.562l.095.018a1.631,1.631,0,0,1,.583.352l.161.147.3.32a34.755,34.755,0,0,1,3.53,4.726c.07.345-.007.632-.38,1.309l-.2.345c-.823,1.441-1.076,2.368-.6,3.681A18.12,18.12,0,0,0,23.391,25.8a3.651,3.651,0,0,0,3.383-.4l.429-.243c.849-.49,1.16-.6,1.54-.518a34.8,34.8,0,0,1,4.894,3.73l.14.14a1.589,1.589,0,0,1,.5.847,5.005,5.005,0,0,1-1.427,2.568,13.288,13.288,0,0,1-1.876,1.8l-.088.056c-1.194.852-2.668.889-4.616.06l-.371-.166c-6.73-2.82-17.314-13.308-20.369-20.2l-.182-.425c-.947-2.1-1.026-3.627-.345-4.743l.137-.2c.788-1.306,3.163-3.361,4.346-3.518l.151-.009Zm14.1-2.135.173.007A14.848,14.848,0,0,1,37,15.57a1.276,1.276,0,0,1-2.531.285A12.3,12.3,0,0,0,23.634,4.979a1.281,1.281,0,0,1-.061-2.536l.17-.018Zm.105,6.051.172.021a8.815,8.815,0,0,1,6.947,6.986,1.274,1.274,0,0,1-2.5.49,6.259,6.259,0,0,0-4.934-4.96,1.28,1.28,0,0,1,.147-2.534l.168,0Z\" transform=\"translate(0 0)\" fill-rule=\"evenodd\" fill=\"url(#linear-gradient)\"><\/path><\/g><\/svg>\t\t\t\t<\/a>\n\t\t\t<\/div>\n\t\t\t\n\t\t\t\t\t\t<div class=\"elementor-icon-box-content\">\n\n\t\t\t\t\t\t\t\t\t<h2 class=\"elementor-icon-box-title\">\n\t\t\t\t\t\t<a href=\"tel:+33638041202\" >\n\t\t\t\t\t\t\tT\u00e9l\u00e9phone\t\t\t\t\t\t<\/a>\n\t\t\t\t\t<\/h2>\n\t\t\t\t\n\t\t\t\t\t\t\t\t\t<p class=\"elementor-icon-box-description\">\n\t\t\t\t\t\t<a href=\"tel:+33638041202\">+33 6 38 04 12 02<\/a>\t\t\t\t\t<\/p>\n\t\t\t\t\n\t\t\t<\/div>\n\t\t\t\n\t\t<\/div>\n\t\t\t\t\t\t<\/div>\n\t\t\t\t<\/div>\n\t\t\t\t<div class=\"elementor-element elementor-element-78001c4 elementor-position-left elementor-vertical-align-middle elementor-widget__width-auto elementor-widget-mobile__width-inherit elementor-view-stacked aux-appear-watch-animation aux-fade-in-right-2 elementor-shape-circle elementor-mobile-position-top elementor-widget elementor-widget-icon-box\" data-id=\"78001c4\" data-element_type=\"widget\" data-widget_type=\"icon-box.default\">\n\t\t\t\t<div class=\"elementor-widget-container\">\n\t\t\t\t\t\t\t<div class=\"elementor-icon-box-wrapper\">\n\n\t\t\t\t\t\t<div class=\"elementor-icon-box-icon\">\n\t\t\t\t<a href=\"mailto:contact@sudrones.fr\" class=\"elementor-icon elementor-animation-pulse-shrink\" tabindex=\"-1\" aria-label=\"Email\">\n\t\t\t\t<svg xmlns=\"http:\/\/www.w3.org\/2000\/svg\" xmlns:xlink=\"http:\/\/www.w3.org\/1999\/xlink\" width=\"35\" height=\"31.501\" viewBox=\"0 0 35 31.501\"><defs><linearGradient id=\"linear-gradient\" x1=\"0.5\" x2=\"0.5\" y2=\"1\" gradientUnits=\"objectBoundingBox\"><stop offset=\"0\" stop-color=\"#64f4ab\"><\/stop><stop offset=\"1\" stop-color=\"#327a56\"><\/stop><\/linearGradient><\/defs><g id=\"email_-_icon\" data-name=\"email - icon\" transform=\"translate(-2 -3)\"><path id=\"Path_105\" data-name=\"Path 105\" d=\"M27.42,3H11.548C6,3,2,7.484,2,13.254V24.248C2,30.02,6,34.5,11.548,34.5H27.4a9.664,9.664,0,0,0,7-3.1,9.8,9.8,0,0,0,2.583-7.23l0-10.915A9.724,9.724,0,0,0,27.42,3ZM11.548,5.674H27.39a7.009,7.009,0,0,1,5.066,2.254,7.112,7.112,0,0,1,1.876,5.247l0,11.073a7.17,7.17,0,0,1-1.873,5.326,7.009,7.009,0,0,1-5.066,2.254H11.548c-4.013,0-6.894-3.227-6.894-7.58V13.254c0-4.352,2.881-7.578,6.9-7.578Zm18.495,7.193a1.321,1.321,0,0,0-1.866-.208L21,18.443l-.2.145a2.415,2.415,0,0,1-2.767-.156L10.8,12.657l-.161-.112a1.321,1.321,0,0,0-1.7.327,1.344,1.344,0,0,0,.214,1.88l7.237,5.784.282.2a5.058,5.058,0,0,0,5.978-.2l7.188-5.795.144-.135a1.344,1.344,0,0,0,.063-1.747Z\" fill-rule=\"evenodd\" fill=\"url(#linear-gradient)\"><\/path><\/g><\/svg>\t\t\t\t<\/a>\n\t\t\t<\/div>\n\t\t\t\n\t\t\t\t\t\t<div class=\"elementor-icon-box-content\">\n\n\t\t\t\t\t\t\t\t\t<h2 class=\"elementor-icon-box-title\">\n\t\t\t\t\t\t<a href=\"mailto:contact@sudrones.fr\" >\n\t\t\t\t\t\t\tEmail\t\t\t\t\t\t<\/a>\n\t\t\t\t\t<\/h2>\n\t\t\t\t\n\t\t\t\t\t\t\t\t\t<p class=\"elementor-icon-box-description\">\n\t\t\t\t\t\t<a href=\"mailto:contact@sudrones.fr\">contact@sudrones.fr<\/a><br><a href=\"mailto:compta@sudrones.fr\">compta@sudrones.fr<\/a>\t\t\t\t\t<\/p>\n\t\t\t\t\n\t\t\t<\/div>\n\t\t\t\n\t\t<\/div>\n\t\t\t\t\t\t<\/div>\n\t\t\t\t<\/div>\n\t\t\t\t<\/div>\n\t\t<div class=\"elementor-element elementor-element-fc8565b e-con-full e-flex e-con e-child\" data-id=\"fc8565b\" data-element_type=\"container\">\n\t\t\t\t<div class=\"elementor-element elementor-element-b9b54d2 elementor-position-left elementor-vertical-align-middle elementor-widget__width-auto elementor-widget-mobile__width-inherit elementor-view-stacked aux-appear-watch-animation aux-fade-in-up-2 elementor-shape-circle elementor-mobile-position-top elementor-widget elementor-widget-icon-box\" data-id=\"b9b54d2\" data-element_type=\"widget\" data-widget_type=\"icon-box.default\">\n\t\t\t\t<div class=\"elementor-widget-container\">\n\t\t\t\t\t\t\t<div class=\"elementor-icon-box-wrapper\">\n\n\t\t\t\t\t\t<div class=\"elementor-icon-box-icon\">\n\t\t\t\t<a href=\"https:\/\/wa.me\/message\/4XPZQUYC5QDUD1\" target=\"_blank\" class=\"elementor-icon elementor-animation-pulse-shrink\" tabindex=\"-1\" aria-label=\"WhatsApp\">\n\t\t\t\t<i aria-hidden=\"true\" class=\"auxicon auxicon-whatsapp\"><\/i>\t\t\t\t<\/a>\n\t\t\t<\/div>\n\t\t\t\n\t\t\t\t\t\t<div class=\"elementor-icon-box-content\">\n\n\t\t\t\t\t\t\t\t\t<h2 class=\"elementor-icon-box-title\">\n\t\t\t\t\t\t<a href=\"https:\/\/wa.me\/message\/4XPZQUYC5QDUD1\" target=\"_blank\" >\n\t\t\t\t\t\t\tWhatsApp\t\t\t\t\t\t<\/a>\n\t\t\t\t\t<\/h2>\n\t\t\t\t\n\t\t\t\t\t\t\t\t\t<p class=\"elementor-icon-box-description\">\n\t\t\t\t\t\t<a href=\"https:\/\/wa.me\/message\/4XPZQUYC5QDUD1\" target=\"_blank\">D\u00e9marrer une discussion<\/a>\t\t\t\t\t<\/p>\n\t\t\t\t\n\t\t\t<\/div>\n\t\t\t\n\t\t<\/div>\n\t\t\t\t\t\t<\/div>\n\t\t\t\t<\/div>\n\t\t\t\t<\/div>\n\t\t\t\t<\/div>\n\t\t<div class=\"elementor-element elementor-element-23dbf39 e-con-full e-flex e-con e-child\" data-id=\"23dbf39\" data-element_type=\"container\">\n\t\t\t\t<div class=\"elementor-element elementor-element-e77dadd aux-appear-watch-animation aux-fade-in elementor-widget elementor-widget-aux_contact_form\" data-id=\"e77dadd\" data-element_type=\"widget\" data-widget_type=\"aux_contact_form.default\">\n\t\t\t\t<div class=\"elementor-widget-container\">\n\t\t\t\t\t<section class=\"widget-container aux-widget-contact-form aux-parent-au83c6db56\">            <div class=\"aux-col-wrapper aux-no-gutter\">\n            <!-- @TODO - The output for element here -->\n\n            \n<div class=\"wpcf7 no-js\" id=\"wpcf7-f1495-o1\" lang=\"fr-FR\" dir=\"ltr\" data-wpcf7-id=\"1495\">\n<div class=\"screen-reader-response\"><p role=\"status\" aria-live=\"polite\" aria-atomic=\"true\"><\/p> <ul><\/ul><\/div>\n<form action=\"\/index.php\/wp-json\/wp\/v2\/pages\/94#wpcf7-f1495-o1\" method=\"post\" class=\"wpcf7-form init\" aria-label=\"Formulaire de contact\" novalidate=\"novalidate\" data-status=\"init\">\n<fieldset class=\"hidden-fields-container\"><input type=\"hidden\" name=\"_wpcf7\" value=\"1495\" \/><input type=\"hidden\" name=\"_wpcf7_version\" value=\"6.1.1\" \/><input type=\"hidden\" name=\"_wpcf7_locale\" value=\"fr_FR\" \/><input type=\"hidden\" name=\"_wpcf7_unit_tag\" value=\"wpcf7-f1495-o1\" \/><input type=\"hidden\" name=\"_wpcf7_container_post\" value=\"0\" \/><input type=\"hidden\" name=\"_wpcf7_posted_data_hash\" value=\"\" \/>\n<\/fieldset>\n<div class=\"formulaire\">\n\t<table border=\"0\" margin=\"0\" padding=\"0\">\n\t\t<tr>\n\t\t\t<td>\n\t\t\t\t<p><span class=\"wpcf7-form-control-wrap\" data-name=\"prenom\"><input size=\"40\" maxlength=\"400\" class=\"wpcf7-form-control wpcf7-text wpcf7-validates-as-required\" autocomplete=\"name\" aria-required=\"true\" aria-invalid=\"false\" placeholder=\"Pr\u00e9nom*\" value=\"\" type=\"text\" name=\"prenom\" \/><\/span>\n\t\t\t\t<\/p>\n\t\t\t<\/td>\n\t\t\t<td>\n\t\t\t\t<p><span class=\"wpcf7-form-control-wrap\" data-name=\"nom\"><input size=\"40\" maxlength=\"400\" class=\"wpcf7-form-control wpcf7-text wpcf7-validates-as-required\" autocomplete=\"name\" aria-required=\"true\" aria-invalid=\"false\" placeholder=\"Nom*\" value=\"\" type=\"text\" name=\"nom\" \/><\/span>\n\t\t\t\t<\/p>\n\t\t\t<\/td>\n\t\t<\/tr>\n\t\t<tr>\n\t\t\t<td>\n\t\t\t\t<p><span class=\"wpcf7-form-control-wrap\" data-name=\"email\"><input size=\"40\" maxlength=\"400\" class=\"wpcf7-form-control wpcf7-email wpcf7-validates-as-required wpcf7-text wpcf7-validates-as-email\" autocomplete=\"email\" aria-required=\"true\" aria-invalid=\"false\" placeholder=\"Votre email*\" value=\"\" type=\"email\" name=\"email\" \/><\/span>\n\t\t\t\t<\/p>\n\t\t\t<\/td>\n\t\t\t<td>\n\t\t\t\t<p><span class=\"wpcf7-form-control-wrap\" data-name=\"telephone\"><input size=\"40\" maxlength=\"12\" minlength=\"10\" class=\"wpcf7-form-control wpcf7-tel wpcf7-text wpcf7-validates-as-tel\" autocomplete=\"tel\" aria-invalid=\"false\" placeholder=\"T\u00e9l\u00e9phone\" value=\"\" type=\"tel\" name=\"telephone\" \/><\/span>\n\t\t\t\t<\/p>\n\t\t\t<\/td>\n\t\t<\/tr>\n\t\t<tr>\n\t\t\t<td colspan=\"2\">\n\t\t\t\t<p><span class=\"wpcf7-form-control-wrap\" data-name=\"sujet\"><input size=\"40\" maxlength=\"50\" minlength=\"5\" class=\"wpcf7-form-control wpcf7-text wpcf7-validates-as-required\" aria-required=\"true\" aria-invalid=\"false\" placeholder=\"Sujet*\" value=\"\" type=\"text\" name=\"sujet\" \/><\/span>\n\t\t\t\t<\/p>\n\t\t\t<\/td>\n\t\t<\/tr>\n\t\t<tr>\n\t\t\t<td colspan=\"2\">\n\t\t\t\t<p><span class=\"wpcf7-form-control-wrap\" data-name=\"message\"><textarea cols=\"40\" rows=\"10\" maxlength=\"1500\" class=\"wpcf7-form-control wpcf7-textarea wpcf7-validates-as-required\" aria-required=\"true\" aria-invalid=\"false\" placeholder=\"Dites-nous tout \ud83d\ude42\" name=\"message\"><\/textarea><\/span>\n\t\t\t\t<\/p>\n\t\t\t<\/td>\n\t\t<\/tr>\n\t\t<tr>\n\t\t\t<td colspan=\"2\">\n\t\t\t\t<p><input class=\"wpcf7-form-control wpcf7-submit has-spinner\" type=\"submit\" value=\"Envoyer\" \/>\n\t\t\t\t<\/p>\n\t\t\t<\/td>\n\t\t<\/tr>\n\t<\/table>\n<\/div><div class=\"frc-captcha\" data-sitekey=\"FCMOVROJIHLU712H\" data-theme=\"dark\" ><\/div>\n\t\t<noscript>You need to enable Javascript for the anti-spam check.<\/noscript><div class=\"wpcf7-response-output\" aria-hidden=\"true\"><\/div>\n<\/form>\n<\/div>\n\n\n            <\/div><!-- aux-col-wrapper -->\n    <\/section><!-- widget-container -->\t\t\t\t<\/div>\n\t\t\t\t<\/div>\n\t\t\t\t<\/div>\n\t\t\t\t\t<\/div>\n\t\t\t\t<\/div>\n\t\t\t\t<\/div>\n\t\t","protected":false},"excerpt":{"rendered":"<p>Nous contacter \u00c0 votre disposition&#8230; &#8230;pour toute demande de devis ou de renseignements. Vous pouvez nous contacter par t\u00e9l\u00e9phone ou par mail en suivant les liens ci-dessous, ou tout simplement en remplissant ce formulaire. Nous t\u00e2cherons de revenir vers vous sous 24h\ud83d\udc4d Nous sommes \u00e9galement disponibles sur WhatsApp ! T\u00e9l\u00e9phone +33 6 38 04 12 [&hellip;]<\/p>\n","protected":false},"author":1,"featured_media":0,"parent":0,"menu_order":0,"comment_status":"closed","ping_status":"closed","template":"elementor_header_footer","meta":{"_monsterinsights_skip_tracking":false,"_monsterinsights_sitenote_active":false,"_monsterinsights_sitenote_note":"","_monsterinsights_sitenote_category":0,"footnotes":""},"class_list":["post-94","page","type-page","status-publish","hentry"],"_links":{"self":[{"href":"https:\/\/www.sudrones.fr\/index.php\/wp-json\/wp\/v2\/pages\/94","targetHints":{"allow":["GET"]}}],"collection":[{"href":"https:\/\/www.sudrones.fr\/index.php\/wp-json\/wp\/v2\/pages"}],"about":[{"href":"https:\/\/www.sudrones.fr\/index.php\/wp-json\/wp\/v2\/types\/page"}],"author":[{"embeddable":true,"href":"https:\/\/www.sudrones.fr\/index.php\/wp-json\/wp\/v2\/users\/1"}],"replies":[{"embeddable":true,"href":"https:\/\/www.sudrones.fr\/index.php\/wp-json\/wp\/v2\/comments?post=94"}],"version-history":[{"count":204,"href":"https:\/\/www.sudrones.fr\/index.php\/wp-json\/wp\/v2\/pages\/94\/revisions"}],"predecessor-version":[{"id":2042,"href":"https:\/\/www.sudrones.fr\/index.php\/wp-json\/wp\/v2\/pages\/94\/revisions\/2042"}],"wp:attachment":[{"href":"https:\/\/www.sudrones.fr\/index.php\/wp-json\/wp\/v2\/media?parent=94"}],"curies":[{"name":"wp","href":"https:\/\/api.w.org\/{rel}","templated":true}]}}